{"id":391,"date":"2023-05-16T12:15:03","date_gmt":"2023-05-16T15:15:03","guid":{"rendered":"https:\/\/rgma.adv.br\/terms-of-use\/"},"modified":"2024-02-23T12:42:54","modified_gmt":"2024-02-23T15:42:54","slug":"terms-of-use","status":"publish","type":"page","link":"https:\/\/rgma.adv.br\/en\/terms-of-use\/","title":{"rendered":"Terms of use"},"content":{"rendered":"<h4 class=\"p1\"><span class=\"s1\">1. Terms<\/span><\/h4>\n<p class=\"p1\">By accessing the <span class=\"s1\">RGMA &#8211; Preven\u00e7\u00e3o e Resolu\u00e7\u00e3o de Disputas<\/span> website, you agree to comply with these <a href=\"https:\/\/privacidade.me\/\"><span class=\"s2\">therms os use<\/span><\/a>, and all applicable laws and regulations, and agree that you are responsible for complying with all applicable local laws. If you do not agree to any of these terms, you are prohibited from using or accessing this website. The materials contained on this website are protected by applicable copyright and trademark laws.<\/p>\n<h4 class=\"p2\"><span class=\"s3\">2. Use of License<\/span><\/h4>\n<p class=\"p1\">Permission is granted to temporarily download one copy of the materials (information or software) on the RGMA &#8211; Preven\u00e7\u00e3o e Resolu\u00e7\u00e3o de Disputas website for personal, non-commercial transitory viewing only. This is the grant of a license, not a transfer of title, and under this license, you may not:<\/p>\n<ol class=\"ol1\">\n<li class=\"li3\"><span class=\"s4\">change or copy the materials;<\/span><\/li>\n<li class=\"li3\"><span class=\"s4\">use the materials for any commercial purpose or for public display (commercial or non-commercial);<\/span><\/li>\n<li class=\"li3\"><span class=\"s4\">attempt to decompile or reverse engineer any software contained on the website of RGMA &#8211; Preven\u00e7\u00e3o e Resolu\u00e7\u00e3o de Disputas;<\/span><\/li>\n<li class=\"li3\"><span class=\"s4\">remove any copyright or other proprietary notations from the materials; or<\/span><\/li>\n<li class=\"li3\"><span class=\"s4\">transfer the materials to another person or &#8216;mirror&#8217; the materials on any other server.<\/span><\/li>\n<\/ol>\n<p class=\"p1\">This license will automatically terminate if you breach any of these restrictions and may be terminated by RGMA &#8211; Preven\u00e7\u00e3o e Resolu\u00e7\u00e3o de Disputas at any time. Upon ceasing the viewing of these materials or upon termination of this license, you must delete all downloaded materials in your possession, whether in electronic or printed format.<\/p>\n<h4 class=\"p2\"><span class=\"s3\">3. Disclaimer<\/span><\/h4>\n<ol class=\"ol1\">\n<li class=\"li3\"><span class=\"s4\">The materials on the RGMA \u2013 Preven\u00e7\u00e3o e Resolu\u00e7\u00e3o de Disputas website are provided on an &#8216;as is&#8217; basis. RGMA \u2013 Preven\u00e7\u00e3o e Resolu\u00e7\u00e3o de Disputas makes no warranties, express or implied, and hereby disclaims and denies all other warranties, including, without limitation, implied warranties or conditions of trading, fitness for a particular purpose, or non-violation of intellectual property or other violation of rights.<\/span><\/li>\n<li class=\"li3\"><span class=\"s4\">In addition, RGMA \u2013 Preven\u00e7\u00e3o e Resolu\u00e7\u00e3o de Disputas does not guarantee or make any representations regarding the accuracy, likely results, or reliability of the use of the materials on its website or otherwise related to these materials or on websites linked to this website.<\/span><\/li>\n<\/ol>\n<h4 class=\"p2\"><span class=\"s3\">4. Limitations<\/span><\/h4>\n<p class=\"p1\">In no event shall RGMA \u2013 Preven\u00e7\u00e3o e Resolu\u00e7\u00e3o de Disputas or its suppliers be liable for any damages (including, without limitation, damages for loss of data or profit or due to business interruption) arising out of the use of or inability to use the materials in RGMA \u2013 Preven\u00e7\u00e3o e Resolu\u00e7\u00e3o de Disputas, even if RGMA \u2013 Preven\u00e7\u00e3o e Resolu\u00e7\u00e3o de Disputas or an authorized representative of RGMA \u2013 Preven\u00e7\u00e3o e Resolu\u00e7\u00e3o de Disputas has been notified orally or in writing of the possibility of such damages. Because some jurisdictions do not allow limitations on implied warranties, or limitations on liability for consequential or incidental damages, these limitations may not apply to you.<\/p>\n<h4 class=\"p2\"><span class=\"s3\">5. Accuracy of materials<\/span><\/h4>\n<p class=\"p1\">The materials appearing on the website of RGMA \u2013 Preven\u00e7\u00e3o e Resolu\u00e7\u00e3o de Disputas may include technical, typographical, or photographic errors. RGMA \u2013 Preven\u00e7\u00e3o e Resolu\u00e7\u00e3o de Disputas does not guarantee that any of the materials on its website are accurate, complete, or current. RGMA \u2013 Preven\u00e7\u00e3o e Resolu\u00e7\u00e3o de Disputas may make changes to the materials contained on its website at any time without prior notice. However, RGMA \u2013 Preven\u00e7\u00e3o e Resolu\u00e7\u00e3o de Disputas does not commit to updating the materials.<\/p>\n<h4 class=\"p2\"><span class=\"s3\">6. Links<\/span><\/h4>\n<p class=\"p1\">RGMA \u2013 Preven\u00e7\u00e3o e Resolu\u00e7\u00e3o de Disputas has not analyzed all the websites linked to its website and is not liable for the content of any linked website. The inclusion of any link does not imply the endorsement by RGMA \u2013 Preven\u00e7\u00e3o e Resolu\u00e7\u00e3o de Disputas of the website. The use of any linked website is at the user&#8217;s own risk.<\/p>\n<h4 class=\"p5\"><span class=\"s3\">Modifications<\/span><\/h4>\n<p class=\"p1\">RGMA \u2013 Preven\u00e7\u00e3o e Resolu\u00e7\u00e3o de Disputas may go over these terms of service of the website at any time without prior notice. When using this website, you agree to be linked to the current version of these terms of service.<\/p>\n<h4 class=\"p5\"><span class=\"s3\">Applicable law<\/span><\/h4>\n<p class=\"p1\">These terms and conditions are governed by and construed in accordance with the laws of the RGMA \u2013 Preven\u00e7\u00e3o e Resolu\u00e7\u00e3o de Disputas and you irrevocably submit to the exclusive jurisdiction of the courts in that state or location.<\/p>\n","protected":false},"excerpt":{"rendered":"<p>1. Terms By accessing the RGMA &#8211; Preven\u00e7\u00e3o e Resolu\u00e7\u00e3o de Disputas website, you agree to comply with these therms os use, and all applicable laws<span class=\"excerpt-hellip\"> [\u2026]<\/span><\/p>\n","protected":false},"author":1,"featured_media":0,"parent":0,"menu_order":0,"comment_status":"closed","ping_status":"closed","template":"","meta":{"footnotes":""},"class_list":["post-391","page","type-page","status-publish","hentry"],"_links":{"self":[{"href":"https:\/\/rgma.adv.br\/en\/wp-json\/wp\/v2\/pages\/391","targetHints":{"allow":["GET"]}}],"collection":[{"href":"https:\/\/rgma.adv.br\/en\/wp-json\/wp\/v2\/pages"}],"about":[{"href":"https:\/\/rgma.adv.br\/en\/wp-json\/wp\/v2\/types\/page"}],"author":[{"embeddable":true,"href":"https:\/\/rgma.adv.br\/en\/wp-json\/wp\/v2\/users\/1"}],"replies":[{"embeddable":true,"href":"https:\/\/rgma.adv.br\/en\/wp-json\/wp\/v2\/comments?post=391"}],"version-history":[{"count":1,"href":"https:\/\/rgma.adv.br\/en\/wp-json\/wp\/v2\/pages\/391\/revisions"}],"predecessor-version":[{"id":464,"href":"https:\/\/rgma.adv.br\/en\/wp-json\/wp\/v2\/pages\/391\/revisions\/464"}],"wp:attachment":[{"href":"https:\/\/rgma.adv.br\/en\/wp-json\/wp\/v2\/media?parent=391"}],"curies":[{"name":"wp","href":"https:\/\/api.w.org\/{rel}","templated":true}]}}